{"id":22,"date":"2014-07-24T20:48:18","date_gmt":"2014-07-24T19:48:18","guid":{"rendered":"http:\/\/carlamarques.gallery\/?page_id=22"},"modified":"2015-10-12T23:54:00","modified_gmt":"2015-10-12T22:54:00","slug":"scientific-illustration","status":"publish","type":"page","link":"https:\/\/carlamarques.gallery\/?page_id=22","title":{"rendered":"Ilustra\u00e7\u00e3o cient\u00edfica &#8211; Scientific illustration"},"content":{"rendered":"<!-- index.php -->\n<div\n\tclass=\"ngg-galleryoverview ngg-ajax-pagination-none\"\n\tid=\"ngg-gallery-17dc42e6d3e200b88a938188e7389da0-1\">\n\n    \t<div class=\"slideshowlink\">\n        <a href='https:\/\/carlamarques.gallery\/index.php\/nggallery\/slideshow?page_id=22'>[Show slideshow]<\/a>\n\t\t\n\t<\/div>\n\t\t\t<!-- Thumbnails -->\n\t\t\t\t<div id=\"ngg-image-0\" class=\"ngg-gallery-thumbnail-box\" >\n\t\t\t\t        <div class=\"ngg-gallery-thumbnail\">\n            <a href=\"https:\/\/carlamarques.gallery\/wp-content\/gallery\/scientific\/carnivoros-1.jpg\"\n               title=\"\"\n               data-src=\"https:\/\/carlamarques.gallery\/wp-content\/gallery\/scientific\/carnivoros-1.jpg\"\n               data-thumbnail=\"https:\/\/carlamarques.gallery\/wp-content\/gallery\/scientific\/thumbs\/thumbs_carnivoros-1.jpg\"\n               data-image-id=\"47\"\n               data-title=\"carnivoros.jpg\"\n               data-description=\"\"\n               data-image-slug=\"carnivoros-jpg-1\"\n               class=\"ngg-fancybox\" rel=\"17dc42e6d3e200b88a938188e7389da0\">\n                <img\n                    title=\"carnivoros.jpg\"\n                    alt=\"carnivoros.jpg\"\n                    src=\"https:\/\/carlamarques.gallery\/wp-content\/gallery\/scientific\/thumbs\/thumbs_carnivoros-1.jpg\"\n                    width=\"120\"\n                    height=\"90\"\n                    style=\"max-width:100%;\"\n                \/>\n            <\/a>\n        <\/div>\n\t\t\t\t\t\t\t<\/div> \n\t\t\t\n        \n\t\t\t\t<div id=\"ngg-image-1\" class=\"ngg-gallery-thumbnail-box\" >\n\t\t\t\t        <div class=\"ngg-gallery-thumbnail\">\n            <a href=\"https:\/\/carlamarques.gallery\/wp-content\/gallery\/scientific\/Cao_Castro_Laboreiro_copyright_2008_watermark_CarlaMarques-1.jpg\"\n               title=\"\"\n               data-src=\"https:\/\/carlamarques.gallery\/wp-content\/gallery\/scientific\/Cao_Castro_Laboreiro_copyright_2008_watermark_CarlaMarques-1.jpg\"\n               data-thumbnail=\"https:\/\/carlamarques.gallery\/wp-content\/gallery\/scientific\/thumbs\/thumbs_Cao_Castro_Laboreiro_copyright_2008_watermark_CarlaMarques-1.jpg\"\n               data-image-id=\"46\"\n               data-title=\"Cao_Castro_Laboreiro_copyright_2008_watermark_CarlaMarques.jpg\"\n               data-description=\"\"\n               data-image-slug=\"cao_castro_laboreiro_copyright_2008_watermark_carlamarques-jpg-1\"\n               class=\"ngg-fancybox\" rel=\"17dc42e6d3e200b88a938188e7389da0\">\n                <img\n                    title=\"Cao_Castro_Laboreiro_copyright_2008_watermark_CarlaMarques.jpg\"\n                    alt=\"Cao_Castro_Laboreiro_copyright_2008_watermark_CarlaMarques.jpg\"\n                    src=\"https:\/\/carlamarques.gallery\/wp-content\/gallery\/scientific\/thumbs\/thumbs_Cao_Castro_Laboreiro_copyright_2008_watermark_CarlaMarques-1.jpg\"\n                    width=\"120\"\n                    height=\"90\"\n                    style=\"max-width:100%;\"\n                \/>\n            <\/a>\n        <\/div>\n\t\t\t\t\t\t\t<\/div> \n\t\t\t\n        \n\t\t\t\t<div id=\"ngg-image-2\" class=\"ngg-gallery-thumbnail-box\" >\n\t\t\t\t        <div class=\"ngg-gallery-thumbnail\">\n            <a href=\"https:\/\/carlamarques.gallery\/wp-content\/gallery\/scientific\/Lince-1.jpg\"\n               title=\"\"\n               data-src=\"https:\/\/carlamarques.gallery\/wp-content\/gallery\/scientific\/Lince-1.jpg\"\n               data-thumbnail=\"https:\/\/carlamarques.gallery\/wp-content\/gallery\/scientific\/thumbs\/thumbs_Lince-1.jpg\"\n               data-image-id=\"48\"\n               data-title=\"Lince.jpg\"\n               data-description=\"\"\n               data-image-slug=\"lince-jpg-1\"\n               class=\"ngg-fancybox\" rel=\"17dc42e6d3e200b88a938188e7389da0\">\n                <img\n                    title=\"Lince.jpg\"\n                    alt=\"Lince.jpg\"\n                    src=\"https:\/\/carlamarques.gallery\/wp-content\/gallery\/scientific\/thumbs\/thumbs_Lince-1.jpg\"\n                    width=\"120\"\n                    height=\"90\"\n                    style=\"max-width:100%;\"\n                \/>\n            <\/a>\n        <\/div>\n\t\t\t\t\t\t\t<\/div> \n\t\t\t\n        \n\t\t\t\t<div id=\"ngg-image-3\" class=\"ngg-gallery-thumbnail-box\" >\n\t\t\t\t        <div class=\"ngg-gallery-thumbnail\">\n            <a href=\"https:\/\/carlamarques.gallery\/wp-content\/gallery\/scientific\/Texugo-1.jpg\"\n               title=\"\"\n               data-src=\"https:\/\/carlamarques.gallery\/wp-content\/gallery\/scientific\/Texugo-1.jpg\"\n               data-thumbnail=\"https:\/\/carlamarques.gallery\/wp-content\/gallery\/scientific\/thumbs\/thumbs_Texugo-1.jpg\"\n               data-image-id=\"55\"\n               data-title=\"Texugo.jpg\"\n               data-description=\"\"\n               data-image-slug=\"texugo-jpg-1\"\n               class=\"ngg-fancybox\" rel=\"17dc42e6d3e200b88a938188e7389da0\">\n                <img\n                    title=\"Texugo.jpg\"\n                    alt=\"Texugo.jpg\"\n                    src=\"https:\/\/carlamarques.gallery\/wp-content\/gallery\/scientific\/thumbs\/thumbs_Texugo-1.jpg\"\n                    width=\"120\"\n                    height=\"90\"\n                    style=\"max-width:100%;\"\n                \/>\n            <\/a>\n        <\/div>\n\t\t\t\t\t\t\t<\/div> \n\t\t\t\n        \n\t\t\t\t<div id=\"ngg-image-4\" class=\"ngg-gallery-thumbnail-box\" >\n\t\t\t\t        <div class=\"ngg-gallery-thumbnail\">\n            <a href=\"https:\/\/carlamarques.gallery\/wp-content\/gallery\/scientific\/Lobo_livro-1.jpg\"\n               title=\"\"\n               data-src=\"https:\/\/carlamarques.gallery\/wp-content\/gallery\/scientific\/Lobo_livro-1.jpg\"\n               data-thumbnail=\"https:\/\/carlamarques.gallery\/wp-content\/gallery\/scientific\/thumbs\/thumbs_Lobo_livro-1.jpg\"\n               data-image-id=\"49\"\n               data-title=\"Lobo_livro.jpg\"\n               data-description=\"\"\n               data-image-slug=\"lobo_livro-jpg-1\"\n               class=\"ngg-fancybox\" rel=\"17dc42e6d3e200b88a938188e7389da0\">\n                <img\n                    title=\"Lobo_livro.jpg\"\n                    alt=\"Lobo_livro.jpg\"\n                    src=\"https:\/\/carlamarques.gallery\/wp-content\/gallery\/scientific\/thumbs\/thumbs_Lobo_livro-1.jpg\"\n                    width=\"120\"\n                    height=\"90\"\n                    style=\"max-width:100%;\"\n                \/>\n            <\/a>\n        <\/div>\n\t\t\t\t\t\t\t<\/div> \n\t\t\t\n        \n\t\t\t\t<div id=\"ngg-image-5\" class=\"ngg-gallery-thumbnail-box\" >\n\t\t\t\t        <div class=\"ngg-gallery-thumbnail\">\n            <a href=\"https:\/\/carlamarques.gallery\/wp-content\/gallery\/scientific\/Lobo_watermark-1.jpg\"\n               title=\"\"\n               data-src=\"https:\/\/carlamarques.gallery\/wp-content\/gallery\/scientific\/Lobo_watermark-1.jpg\"\n               data-thumbnail=\"https:\/\/carlamarques.gallery\/wp-content\/gallery\/scientific\/thumbs\/thumbs_Lobo_watermark-1.jpg\"\n               data-image-id=\"50\"\n               data-title=\"Lobo_watermark.jpg\"\n               data-description=\"\"\n               data-image-slug=\"lobo_watermark-jpg-1\"\n               class=\"ngg-fancybox\" rel=\"17dc42e6d3e200b88a938188e7389da0\">\n                <img\n                    title=\"Lobo_watermark.jpg\"\n                    alt=\"Lobo_watermark.jpg\"\n                    src=\"https:\/\/carlamarques.gallery\/wp-content\/gallery\/scientific\/thumbs\/thumbs_Lobo_watermark-1.jpg\"\n                    width=\"120\"\n                    height=\"90\"\n                    style=\"max-width:100%;\"\n                \/>\n            <\/a>\n        <\/div>\n\t\t\t\t\t\t\t<\/div> \n\t\t\t\n        \n\t\t\t\t<div id=\"ngg-image-6\" class=\"ngg-gallery-thumbnail-box\" >\n\t\t\t\t        <div class=\"ngg-gallery-thumbnail\">\n            <a href=\"https:\/\/carlamarques.gallery\/wp-content\/gallery\/scientific\/Lontra-1.jpg\"\n               title=\"\"\n               data-src=\"https:\/\/carlamarques.gallery\/wp-content\/gallery\/scientific\/Lontra-1.jpg\"\n               data-thumbnail=\"https:\/\/carlamarques.gallery\/wp-content\/gallery\/scientific\/thumbs\/thumbs_Lontra-1.jpg\"\n               data-image-id=\"51\"\n               data-title=\"Lontra.jpg\"\n               data-description=\"\"\n               data-image-slug=\"lontra-jpg-1\"\n               class=\"ngg-fancybox\" rel=\"17dc42e6d3e200b88a938188e7389da0\">\n                <img\n                    title=\"Lontra.jpg\"\n                    alt=\"Lontra.jpg\"\n                    src=\"https:\/\/carlamarques.gallery\/wp-content\/gallery\/scientific\/thumbs\/thumbs_Lontra-1.jpg\"\n                    width=\"120\"\n                    height=\"90\"\n                    style=\"max-width:100%;\"\n                \/>\n            <\/a>\n        <\/div>\n\t\t\t\t\t\t\t<\/div> \n\t\t\t\n        \n\t\t\t\t<div id=\"ngg-image-7\" class=\"ngg-gallery-thumbnail-box\" >\n\t\t\t\t        <div class=\"ngg-gallery-thumbnail\">\n            <a href=\"https:\/\/carlamarques.gallery\/wp-content\/gallery\/scientific\/Morcego_watermark-1.jpg\"\n               title=\"\"\n               data-src=\"https:\/\/carlamarques.gallery\/wp-content\/gallery\/scientific\/Morcego_watermark-1.jpg\"\n               data-thumbnail=\"https:\/\/carlamarques.gallery\/wp-content\/gallery\/scientific\/thumbs\/thumbs_Morcego_watermark-1.jpg\"\n               data-image-id=\"52\"\n               data-title=\"Morcego_watermark.jpg\"\n               data-description=\"\"\n               data-image-slug=\"morcego_watermark-jpg-1\"\n               class=\"ngg-fancybox\" rel=\"17dc42e6d3e200b88a938188e7389da0\">\n                <img\n                    title=\"Morcego_watermark.jpg\"\n                    alt=\"Morcego_watermark.jpg\"\n                    src=\"https:\/\/carlamarques.gallery\/wp-content\/gallery\/scientific\/thumbs\/thumbs_Morcego_watermark-1.jpg\"\n                    width=\"120\"\n                    height=\"90\"\n                    style=\"max-width:100%;\"\n                \/>\n            <\/a>\n        <\/div>\n\t\t\t\t\t\t\t<\/div> \n\t\t\t\n        \n\t\t\t\t<div id=\"ngg-image-8\" class=\"ngg-gallery-thumbnail-box\" >\n\t\t\t\t        <div class=\"ngg-gallery-thumbnail\">\n            <a href=\"https:\/\/carlamarques.gallery\/wp-content\/gallery\/scientific\/Parque_eolico_watermark-1.jpg\"\n               title=\"\"\n               data-src=\"https:\/\/carlamarques.gallery\/wp-content\/gallery\/scientific\/Parque_eolico_watermark-1.jpg\"\n               data-thumbnail=\"https:\/\/carlamarques.gallery\/wp-content\/gallery\/scientific\/thumbs\/thumbs_Parque_eolico_watermark-1.jpg\"\n               data-image-id=\"53\"\n               data-title=\"Parque_eolico_watermark.jpg\"\n               data-description=\"\"\n               data-image-slug=\"parque_eolico_watermark-jpg-1\"\n               class=\"ngg-fancybox\" rel=\"17dc42e6d3e200b88a938188e7389da0\">\n                <img\n                    title=\"Parque_eolico_watermark.jpg\"\n                    alt=\"Parque_eolico_watermark.jpg\"\n                    src=\"https:\/\/carlamarques.gallery\/wp-content\/gallery\/scientific\/thumbs\/thumbs_Parque_eolico_watermark-1.jpg\"\n                    width=\"120\"\n                    height=\"90\"\n                    style=\"max-width:100%;\"\n                \/>\n            <\/a>\n        <\/div>\n\t\t\t\t\t\t\t<\/div> \n\t\t\t\n        \n\t\t\t\t<div id=\"ngg-image-9\" class=\"ngg-gallery-thumbnail-box\" >\n\t\t\t\t        <div class=\"ngg-gallery-thumbnail\">\n            <a href=\"https:\/\/carlamarques.gallery\/wp-content\/gallery\/scientific\/Cabra-montes.jpg\"\n               title=\"\"\n               data-src=\"https:\/\/carlamarques.gallery\/wp-content\/gallery\/scientific\/Cabra-montes.jpg\"\n               data-thumbnail=\"https:\/\/carlamarques.gallery\/wp-content\/gallery\/scientific\/thumbs\/thumbs_Cabra-montes.jpg\"\n               data-image-id=\"114\"\n               data-title=\"Cabra montes\"\n               data-description=\"\"\n               data-image-slug=\"cabra-montes\"\n               class=\"ngg-fancybox\" rel=\"17dc42e6d3e200b88a938188e7389da0\">\n                <img\n                    title=\"Cabra montes\"\n                    alt=\"Cabra montes\"\n                    src=\"https:\/\/carlamarques.gallery\/wp-content\/gallery\/scientific\/thumbs\/thumbs_Cabra-montes.jpg\"\n                    width=\"120\"\n                    height=\"90\"\n                    style=\"max-width:100%;\"\n                \/>\n            <\/a>\n        <\/div>\n\t\t\t\t\t\t\t<\/div> \n\t\t\t\n        \n\t\t\t\t<div id=\"ngg-image-10\" class=\"ngg-gallery-thumbnail-box\" >\n\t\t\t\t        <div class=\"ngg-gallery-thumbnail\">\n            <a href=\"https:\/\/carlamarques.gallery\/wp-content\/gallery\/scientific\/Bubo_bubo_watercolor.jpg\"\n               title=\"\"\n               data-src=\"https:\/\/carlamarques.gallery\/wp-content\/gallery\/scientific\/Bubo_bubo_watercolor.jpg\"\n               data-thumbnail=\"https:\/\/carlamarques.gallery\/wp-content\/gallery\/scientific\/thumbs\/thumbs_Bubo_bubo_watercolor.jpg\"\n               data-image-id=\"127\"\n               data-title=\"Bubo_bubo_watercolor\"\n               data-description=\"\"\n               data-image-slug=\"bubo_bubo_watercolor\"\n               class=\"ngg-fancybox\" rel=\"17dc42e6d3e200b88a938188e7389da0\">\n                <img\n                    title=\"Bubo_bubo_watercolor\"\n                    alt=\"Bubo_bubo_watercolor\"\n                    src=\"https:\/\/carlamarques.gallery\/wp-content\/gallery\/scientific\/thumbs\/thumbs_Bubo_bubo_watercolor.jpg\"\n                    width=\"120\"\n                    height=\"90\"\n                    style=\"max-width:100%;\"\n                \/>\n            <\/a>\n        <\/div>\n\t\t\t\t\t\t\t<\/div> \n\t\t\t\n        \n\t\t\t\t<div id=\"ngg-image-11\" class=\"ngg-gallery-thumbnail-box\" >\n\t\t\t\t        <div class=\"ngg-gallery-thumbnail\">\n            <a href=\"https:\/\/carlamarques.gallery\/wp-content\/gallery\/scientific\/Bluewinged-Kookaburra_watermark-1.jpg\"\n               title=\"\"\n               data-src=\"https:\/\/carlamarques.gallery\/wp-content\/gallery\/scientific\/Bluewinged-Kookaburra_watermark-1.jpg\"\n               data-thumbnail=\"https:\/\/carlamarques.gallery\/wp-content\/gallery\/scientific\/thumbs\/thumbs_Bluewinged-Kookaburra_watermark-1.jpg\"\n               data-image-id=\"45\"\n               data-title=\"Bluewinged Kookaburra_watermark.jpg\"\n               data-description=\"\"\n               data-image-slug=\"bluewinged-kookaburra_watermark-jpg-1\"\n               class=\"ngg-fancybox\" rel=\"17dc42e6d3e200b88a938188e7389da0\">\n                <img\n                    title=\"Bluewinged Kookaburra_watermark.jpg\"\n                    alt=\"Bluewinged Kookaburra_watermark.jpg\"\n                    src=\"https:\/\/carlamarques.gallery\/wp-content\/gallery\/scientific\/thumbs\/thumbs_Bluewinged-Kookaburra_watermark-1.jpg\"\n                    width=\"120\"\n                    height=\"90\"\n                    style=\"max-width:100%;\"\n                \/>\n            <\/a>\n        <\/div>\n\t\t\t\t\t\t\t<\/div> \n\t\t\t\n        \n\t\t\t\t<div id=\"ngg-image-12\" class=\"ngg-gallery-thumbnail-box\" >\n\t\t\t\t        <div class=\"ngg-gallery-thumbnail\">\n            <a href=\"https:\/\/carlamarques.gallery\/wp-content\/gallery\/scientific\/Tartaranhao_watermark.jpg\"\n               title=\"\"\n               data-src=\"https:\/\/carlamarques.gallery\/wp-content\/gallery\/scientific\/Tartaranhao_watermark.jpg\"\n               data-thumbnail=\"https:\/\/carlamarques.gallery\/wp-content\/gallery\/scientific\/thumbs\/thumbs_Tartaranhao_watermark.jpg\"\n               data-image-id=\"54\"\n               data-title=\"Tartaranhao_watermark.jpg\"\n               data-description=\"\"\n               data-image-slug=\"tartaranhao_watermark-jpg\"\n               class=\"ngg-fancybox\" rel=\"17dc42e6d3e200b88a938188e7389da0\">\n                <img\n                    title=\"Tartaranhao_watermark.jpg\"\n                    alt=\"Tartaranhao_watermark.jpg\"\n                    src=\"https:\/\/carlamarques.gallery\/wp-content\/gallery\/scientific\/thumbs\/thumbs_Tartaranhao_watermark.jpg\"\n                    width=\"120\"\n                    height=\"90\"\n                    style=\"max-width:100%;\"\n                \/>\n            <\/a>\n        <\/div>\n\t\t\t\t\t\t\t<\/div> \n\t\t\t\n        \n\t\t\n\t\t<!-- Pagination -->\n\t<div class='ngg-clear'><\/div>\t<\/div>\n\n<p>\n\t&nbsp;<\/p>\n","protected":false},"excerpt":{"rendered":"<p>&nbsp;<\/p>\n","protected":false},"author":1,"featured_media":0,"parent":0,"menu_order":1,"comment_status":"closed","ping_status":"open","template":"page-full-width.php","meta":{"ngg_post_thumbnail":0},"_links":{"self":[{"href":"https:\/\/carlamarques.gallery\/index.php?rest_route=\/wp\/v2\/pages\/22"}],"collection":[{"href":"https:\/\/carlamarques.gallery\/index.php?rest_route=\/wp\/v2\/pages"}],"about":[{"href":"https:\/\/carlamarques.gallery\/index.php?rest_route=\/wp\/v2\/types\/page"}],"author":[{"embeddable":true,"href":"https:\/\/carlamarques.gallery\/index.php?rest_route=\/wp\/v2\/users\/1"}],"replies":[{"embeddable":true,"href":"https:\/\/carlamarques.gallery\/index.php?rest_route=%2Fwp%2Fv2%2Fcomments&post=22"}],"version-history":[{"count":10,"href":"https:\/\/carlamarques.gallery\/index.php?rest_route=\/wp\/v2\/pages\/22\/revisions"}],"predecessor-version":[{"id":425,"href":"https:\/\/carlamarques.gallery\/index.php?rest_route=\/wp\/v2\/pages\/22\/revisions\/425"}],"wp:attachment":[{"href":"https:\/\/carlamarques.gallery\/index.php?rest_route=%2Fwp%2Fv2%2Fmedia&parent=22"}],"curies":[{"name":"wp","href":"https:\/\/api.w.org\/{rel}","templated":true}]}}