{"id":476,"date":"2015-10-15T22:54:20","date_gmt":"2015-10-15T21:54:20","guid":{"rendered":"http:\/\/carlamarques.gallery\/?page_id=476"},"modified":"2017-12-01T12:11:19","modified_gmt":"2017-12-01T12:11:19","slug":"watercolour","status":"publish","type":"page","link":"https:\/\/carlamarques.gallery\/?page_id=476","title":{"rendered":"Aguarelas &#8211; Watercolor"},"content":{"rendered":"<p style=\"text-align: center;\"><a href=\"http:\/\/carlamarques.gallery\/wp-content\/uploads\/2017\/12\/A_Cantora.jpg\"><img loading=\"lazy\" class=\"aligncenter  wp-image-716\" src=\"http:\/\/carlamarques.gallery\/wp-content\/uploads\/2017\/12\/A_Cantora.jpg\" alt=\"\" width=\"340\" height=\"340\" srcset=\"https:\/\/carlamarques.gallery\/wp-content\/uploads\/2017\/12\/A_Cantora.jpg 1134w, https:\/\/carlamarques.gallery\/wp-content\/uploads\/2017\/12\/A_Cantora-150x150.jpg 150w, https:\/\/carlamarques.gallery\/wp-content\/uploads\/2017\/12\/A_Cantora-300x300.jpg 300w, https:\/\/carlamarques.gallery\/wp-content\/uploads\/2017\/12\/A_Cantora-768x768.jpg 768w, https:\/\/carlamarques.gallery\/wp-content\/uploads\/2017\/12\/A_Cantora-1024x1024.jpg 1024w\" sizes=\"(max-width: 340px) 100vw, 340px\" \/>A cantora &#8211; The singer . Available . Original watercolour . Dimensions: 29x29cm . Frame: 52x52cm<\/a><\/p>\n\n\n<div class=\"ngg-galleryoverview ngg-slideshow\"\n\t id=\"ngg-slideshow-f4616d2898c2f8c9a0b61472197ab25c-15933451790\"\n     data-gallery-id=\"f4616d2898c2f8c9a0b61472197ab25c\"\n     style=\"max-width: 800px; max-height: 400px;\">\n\n \t<div id=\"ngg-image-0\" class=\"ngg-gallery-slideshow-image\" style=\"height:400px\">\n\n        <a href=\"https:\/\/carlamarques.gallery\/wp-content\/gallery\/oriental\/oriental01.jpg\"\n           title=\"\"\n           data-src=\"https:\/\/carlamarques.gallery\/wp-content\/gallery\/oriental\/oriental01.jpg\"\n           data-thumbnail=\"https:\/\/carlamarques.gallery\/wp-content\/gallery\/oriental\/thumbs\/thumbs_oriental01.jpg\"\n           data-image-id=\"125\"\n           data-title=\"oriental01\"\n           data-description=\"\"\n           class=\"ngg-fancybox\" rel=\"f4616d2898c2f8c9a0b61472197ab25c\">\n\n            <img data-image-id='125'\n                 title=\"\"\n                 alt=\"oriental01\"\n                 src=\"https:\/\/carlamarques.gallery\/wp-content\/gallery\/oriental\/oriental01.jpg\"\n                 style=\"max-height: 380px;\"\/>\n        <\/a>\n\n        <\/div> \n<div id=\"ngg-image-1\" class=\"ngg-gallery-slideshow-image\" style=\"height:400px\">\n\n        <a href=\"https:\/\/carlamarques.gallery\/wp-content\/gallery\/oriental\/oriental02.jpg\"\n           title=\"\"\n           data-src=\"https:\/\/carlamarques.gallery\/wp-content\/gallery\/oriental\/oriental02.jpg\"\n           data-thumbnail=\"https:\/\/carlamarques.gallery\/wp-content\/gallery\/oriental\/thumbs\/thumbs_oriental02.jpg\"\n           data-image-id=\"126\"\n           data-title=\"oriental02\"\n           data-description=\"\"\n           class=\"ngg-fancybox\" rel=\"f4616d2898c2f8c9a0b61472197ab25c\">\n\n            <img data-image-id='126'\n                 title=\"\"\n                 alt=\"oriental02\"\n                 src=\"https:\/\/carlamarques.gallery\/wp-content\/gallery\/oriental\/oriental02.jpg\"\n                 style=\"max-height: 380px;\"\/>\n        <\/a>\n\n        <\/div> \n<\/div>\n\n\n\t\t<!-- Thumbnails Link -->\n\t<div class=\"slideshowlink\" style=\"max-width: 800px;\">\n        <a href='https:\/\/carlamarques.gallery\/index.php\/nggallery\/thumbnails?page_id=476'>&#091;Show thumbnails&#093;<\/a>\n\t<\/div>\n\n\n\n\n<div class=\"ngg-galleryoverview ngg-slideshow\"\n\t id=\"ngg-slideshow-488d4ac3effb7d11a624b93d5cf48169-13015407870\"\n     data-gallery-id=\"488d4ac3effb7d11a624b93d5cf48169\"\n     style=\"max-width: 600px; max-height: 400px;\">\n\n \t<div id=\"ngg-image-0\" class=\"ngg-gallery-slideshow-image\" style=\"height:400px\">\n\n        <a href=\"https:\/\/carlamarques.gallery\/wp-content\/gallery\/rosa\/rosanovem2017cover.jpg\"\n           title=\"\"\n           data-src=\"https:\/\/carlamarques.gallery\/wp-content\/gallery\/rosa\/rosanovem2017cover.jpg\"\n           data-thumbnail=\"https:\/\/carlamarques.gallery\/wp-content\/gallery\/rosa\/thumbs\/thumbs_rosanovem2017cover.jpg\"\n           data-image-id=\"113\"\n           data-title=\"rosanovem2017cover\"\n           data-description=\"\"\n           class=\"ngg-fancybox\" rel=\"488d4ac3effb7d11a624b93d5cf48169\">\n\n            <img data-image-id='113'\n                 title=\"\"\n                 alt=\"rosanovem2017cover\"\n                 src=\"https:\/\/carlamarques.gallery\/wp-content\/gallery\/rosa\/rosanovem2017cover.jpg\"\n                 style=\"max-height: 380px;\"\/>\n        <\/a>\n\n        <\/div> \n<div id=\"ngg-image-1\" class=\"ngg-gallery-slideshow-image\" style=\"height:400px\">\n\n        <a href=\"https:\/\/carlamarques.gallery\/wp-content\/gallery\/rosa\/rosanovem2017a.jpg\"\n           title=\"\"\n           data-src=\"https:\/\/carlamarques.gallery\/wp-content\/gallery\/rosa\/rosanovem2017a.jpg\"\n           data-thumbnail=\"https:\/\/carlamarques.gallery\/wp-content\/gallery\/rosa\/thumbs\/thumbs_rosanovem2017a.jpg\"\n           data-image-id=\"111\"\n           data-title=\"rosanovem2017a\"\n           data-description=\"\"\n           class=\"ngg-fancybox\" rel=\"488d4ac3effb7d11a624b93d5cf48169\">\n\n            <img data-image-id='111'\n                 title=\"\"\n                 alt=\"rosanovem2017a\"\n                 src=\"https:\/\/carlamarques.gallery\/wp-content\/gallery\/rosa\/rosanovem2017a.jpg\"\n                 style=\"max-height: 380px;\"\/>\n        <\/a>\n\n        <\/div> \n<div id=\"ngg-image-2\" class=\"ngg-gallery-slideshow-image\" style=\"height:400px\">\n\n        <a href=\"https:\/\/carlamarques.gallery\/wp-content\/gallery\/rosa\/rosanovem2017b.jpg\"\n           title=\"\"\n           data-src=\"https:\/\/carlamarques.gallery\/wp-content\/gallery\/rosa\/rosanovem2017b.jpg\"\n           data-thumbnail=\"https:\/\/carlamarques.gallery\/wp-content\/gallery\/rosa\/thumbs\/thumbs_rosanovem2017b.jpg\"\n           data-image-id=\"112\"\n           data-title=\"rosanovem2017b\"\n           data-description=\"\"\n           class=\"ngg-fancybox\" rel=\"488d4ac3effb7d11a624b93d5cf48169\">\n\n            <img data-image-id='112'\n                 title=\"\"\n                 alt=\"rosanovem2017b\"\n                 src=\"https:\/\/carlamarques.gallery\/wp-content\/gallery\/rosa\/rosanovem2017b.jpg\"\n                 style=\"max-height: 380px;\"\/>\n        <\/a>\n\n        <\/div> \n<div id=\"ngg-image-3\" class=\"ngg-gallery-slideshow-image\" style=\"height:400px\">\n\n        <a href=\"https:\/\/carlamarques.gallery\/wp-content\/gallery\/rosa\/Rosanovem2017.jpg\"\n           title=\"\"\n           data-src=\"https:\/\/carlamarques.gallery\/wp-content\/gallery\/rosa\/Rosanovem2017.jpg\"\n           data-thumbnail=\"https:\/\/carlamarques.gallery\/wp-content\/gallery\/rosa\/thumbs\/thumbs_Rosanovem2017.jpg\"\n           data-image-id=\"110\"\n           data-title=\"Rosanovem2017\"\n           data-description=\"\"\n           class=\"ngg-fancybox\" rel=\"488d4ac3effb7d11a624b93d5cf48169\">\n\n            <img data-image-id='110'\n                 title=\"\"\n                 alt=\"Rosanovem2017\"\n                 src=\"https:\/\/carlamarques.gallery\/wp-content\/gallery\/rosa\/Rosanovem2017.jpg\"\n                 style=\"max-height: 380px;\"\/>\n        <\/a>\n\n        <\/div> \n<\/div>\n\n\n\t\t<!-- Thumbnails Link -->\n\t<div class=\"slideshowlink\" style=\"max-width: 600px;\">\n        <a href='https:\/\/carlamarques.gallery\/index.php\/nggallery\/thumbnails?page_id=476'>&#091;Show thumbnails&#093;<\/a>\n\t<\/div>\n\n\n<p>&nbsp;<\/p>\n<p>&nbsp;<\/p>\n<p style=\"text-align: center;\"><a href=\"http:\/\/carlamarques.gallery\/wp-content\/uploads\/2017\/11\/cavalosdepo.jpg\"><img loading=\"lazy\" class=\"aligncenter wp-image-634\" src=\"http:\/\/carlamarques.gallery\/wp-content\/uploads\/2017\/11\/cavalosdepo.jpg\" alt=\"\" width=\"494\" height=\"698\" srcset=\"https:\/\/carlamarques.gallery\/wp-content\/uploads\/2017\/11\/cavalosdepo.jpg 800w, https:\/\/carlamarques.gallery\/wp-content\/uploads\/2017\/11\/cavalosdepo-213x300.jpg 213w, https:\/\/carlamarques.gallery\/wp-content\/uploads\/2017\/11\/cavalosdepo-768x1084.jpg 768w, https:\/\/carlamarques.gallery\/wp-content\/uploads\/2017\/11\/cavalosdepo-726x1024.jpg 726w\" sizes=\"(max-width: 494px) 100vw, 494px\" \/><\/a><\/p>\n<p style=\"text-align: center;\">Esta aguarela original &#8220;Cavalos de p\u00f3&#8221; viajou bastante e est\u00e1 algures em Perth, Austr\u00e1lia.<\/p>\n<p>&nbsp;<\/p>\n<p>&nbsp;<\/p>\n<p style=\"text-align: center;\"><a href=\"http:\/\/carlamarques.gallery\/wp-content\/uploads\/2017\/11\/Salvaterra_Magos.jpg\"><img loading=\"lazy\" class=\"aligncenter wp-image-706\" src=\"http:\/\/carlamarques.gallery\/wp-content\/uploads\/2017\/11\/Salvaterra_Magos.jpg\" alt=\"\" width=\"601\" height=\"465\" srcset=\"https:\/\/carlamarques.gallery\/wp-content\/uploads\/2017\/11\/Salvaterra_Magos.jpg 1323w, https:\/\/carlamarques.gallery\/wp-content\/uploads\/2017\/11\/Salvaterra_Magos-300x232.jpg 300w, https:\/\/carlamarques.gallery\/wp-content\/uploads\/2017\/11\/Salvaterra_Magos-768x594.jpg 768w, https:\/\/carlamarques.gallery\/wp-content\/uploads\/2017\/11\/Salvaterra_Magos-1024x793.jpg 1024w\" sizes=\"(max-width: 601px) 100vw, 601px\" \/>Aguarela original de uma casa tradicional portuguesa em Salvaterra de Magos<\/a><\/p>\n<p>&nbsp;<\/p>\n<p style=\"text-align: center;\">(a casa original estava um pouco abandonada e eu decidi dar-lhe um novo look atrav\u00e9s das aguarelas)<\/p>\n<p style=\"text-align: center;\">&nbsp;<\/p>\n<p>&nbsp;<\/p>\n<p style=\"text-align: center;\"><a href=\"http:\/\/carlamarques.gallery\/wp-content\/uploads\/2017\/11\/Cabra-montes.jpg\"><img loading=\"lazy\" class=\"aligncenter wp-image-631\" src=\"http:\/\/carlamarques.gallery\/wp-content\/uploads\/2017\/11\/Cabra-montes.jpg\" alt=\"\" width=\"483\" height=\"681\" srcset=\"https:\/\/carlamarques.gallery\/wp-content\/uploads\/2017\/11\/Cabra-montes.jpg 2267w, https:\/\/carlamarques.gallery\/wp-content\/uploads\/2017\/11\/Cabra-montes-213x300.jpg 213w, https:\/\/carlamarques.gallery\/wp-content\/uploads\/2017\/11\/Cabra-montes-768x1084.jpg 768w, https:\/\/carlamarques.gallery\/wp-content\/uploads\/2017\/11\/Cabra-montes-726x1024.jpg 726w\" sizes=\"(max-width: 483px) 100vw, 483px\" \/>Cabra mont\u00eas (<em>Capra pyrenaica<\/em>) em Pit\u00f5es das J\u00fanias, Ger\u00eas<\/a><\/p>\n<p style=\"text-align: center;\"><a href=\"http:\/\/carlamarques.gallery\/wp-content\/uploads\/2017\/11\/w_Rio-Gil\u00e3o-Tavira.jpg\"><img loading=\"lazy\" class=\"aligncenter wp-image-608\" src=\"http:\/\/carlamarques.gallery\/wp-content\/uploads\/2017\/11\/w_Rio-Gil\u00e3o-Tavira.jpg\" alt=\"\" width=\"642\" height=\"482\" srcset=\"https:\/\/carlamarques.gallery\/wp-content\/uploads\/2017\/11\/w_Rio-Gil\u00e3o-Tavira.jpg 2560w, https:\/\/carlamarques.gallery\/wp-content\/uploads\/2017\/11\/w_Rio-Gil\u00e3o-Tavira-300x225.jpg 300w, https:\/\/carlamarques.gallery\/wp-content\/uploads\/2017\/11\/w_Rio-Gil\u00e3o-Tavira-768x576.jpg 768w, https:\/\/carlamarques.gallery\/wp-content\/uploads\/2017\/11\/w_Rio-Gil\u00e3o-Tavira-1024x768.jpg 1024w\" sizes=\"(max-width: 642px) 100vw, 642px\" \/>Rio Gil\u00e3o, Tavira<\/a><\/p>\n<p>&nbsp;<\/p>\n<p style=\"text-align: center;\"><a href=\"http:\/\/carlamarques.gallery\/wp-content\/uploads\/2017\/11\/Torre_de_Moncorvo.jpg\"><img loading=\"lazy\" class=\"aligncenter wp-image-711\" src=\"http:\/\/carlamarques.gallery\/wp-content\/uploads\/2017\/11\/Torre_de_Moncorvo.jpg\" alt=\"\" width=\"805\" height=\"623\" srcset=\"https:\/\/carlamarques.gallery\/wp-content\/uploads\/2017\/11\/Torre_de_Moncorvo.jpg 1323w, https:\/\/carlamarques.gallery\/wp-content\/uploads\/2017\/11\/Torre_de_Moncorvo-300x232.jpg 300w, https:\/\/carlamarques.gallery\/wp-content\/uploads\/2017\/11\/Torre_de_Moncorvo-768x594.jpg 768w, https:\/\/carlamarques.gallery\/wp-content\/uploads\/2017\/11\/Torre_de_Moncorvo-1024x793.jpg 1024w\" sizes=\"(max-width: 805px) 100vw, 805px\" \/>Torre de Moncorvo, norte de Portugal<\/a><\/p>\n<p>&nbsp;<\/p>\n<p>&nbsp;<\/p>\n<p style=\"text-align: center;\"><a href=\"http:\/\/carlamarques.gallery\/wp-content\/uploads\/2014\/08\/Rose-II.jpg\"><img loading=\"lazy\" class=\"aligncenter wp-image-73\" src=\"http:\/\/carlamarques.gallery\/wp-content\/uploads\/2014\/08\/Rose-II.jpg\" alt=\"\" width=\"461\" height=\"345\" srcset=\"https:\/\/carlamarques.gallery\/wp-content\/uploads\/2014\/08\/Rose-II.jpg 802w, https:\/\/carlamarques.gallery\/wp-content\/uploads\/2014\/08\/Rose-II-300x224.jpg 300w\" sizes=\"(max-width: 461px) 100vw, 461px\" \/><\/a><a href=\"http:\/\/carlamarques.gallery\/wp-content\/uploads\/2017\/11\/Guerreiro_de_bronze_Palacio_de_QueluzFB.jpg\"><img loading=\"lazy\" class=\"aligncenter wp-image-536\" src=\"http:\/\/carlamarques.gallery\/wp-content\/uploads\/2017\/11\/Guerreiro_de_bronze_Palacio_de_QueluzFB-756x1024.jpg\" alt=\"\" width=\"459\" height=\"622\" srcset=\"https:\/\/carlamarques.gallery\/wp-content\/uploads\/2017\/11\/Guerreiro_de_bronze_Palacio_de_QueluzFB-756x1024.jpg 756w, https:\/\/carlamarques.gallery\/wp-content\/uploads\/2017\/11\/Guerreiro_de_bronze_Palacio_de_QueluzFB-222x300.jpg 222w, https:\/\/carlamarques.gallery\/wp-content\/uploads\/2017\/11\/Guerreiro_de_bronze_Palacio_de_QueluzFB-768x1040.jpg 768w, https:\/\/carlamarques.gallery\/wp-content\/uploads\/2017\/11\/Guerreiro_de_bronze_Palacio_de_QueluzFB.jpg 1988w\" sizes=\"(max-width: 459px) 100vw, 459px\" \/>Guerreiro de bronze, est\u00e1tua nos jardins do Pal\u00e1cio de Queluz<\/a><\/p>\n","protected":false},"excerpt":{"rendered":"<p>A cantora &#8211; The singer . Available . Original watercolour . Dimensions: 29x29cm . Frame: 52x52cm &#8221; order_by=&#8221;sortorder&#8221; order_direction=&#8221;ASC&#8221; returns=&#8221;included&#8221; maximum_entity_count=&#8221;500&#8243;] &#8221; order_by=&#8221;sortorder&#8221; order_direction=&#8221;ASC&#8221; returns=&#8221;included&#8221; maximum_entity_count=&#8221;500&#8243;] &nbsp; &nbsp; Esta aguarela original &#8220;Cavalos de p\u00f3&#8221; viajou bastante e est\u00e1 algures em Perth, Austr\u00e1lia. &nbsp; &nbsp; Aguarela original de uma casa tradicional portuguesa em Salvaterra de Magos [&hellip;]<\/p>\n","protected":false},"author":1,"featured_media":0,"parent":0,"menu_order":0,"comment_status":"closed","ping_status":"closed","template":"","meta":{"ngg_post_thumbnail":0},"_links":{"self":[{"href":"https:\/\/carlamarques.gallery\/index.php?rest_route=\/wp\/v2\/pages\/476"}],"collection":[{"href":"https:\/\/carlamarques.gallery\/index.php?rest_route=\/wp\/v2\/pages"}],"about":[{"href":"https:\/\/carlamarques.gallery\/index.php?rest_route=\/wp\/v2\/types\/page"}],"author":[{"embeddable":true,"href":"https:\/\/carlamarques.gallery\/index.php?rest_route=\/wp\/v2\/users\/1"}],"replies":[{"embeddable":true,"href":"https:\/\/carlamarques.gallery\/index.php?rest_route=%2Fwp%2Fv2%2Fcomments&post=476"}],"version-history":[{"count":24,"href":"https:\/\/carlamarques.gallery\/index.php?rest_route=\/wp\/v2\/pages\/476\/revisions"}],"predecessor-version":[{"id":717,"href":"https:\/\/carlamarques.gallery\/index.php?rest_route=\/wp\/v2\/pages\/476\/revisions\/717"}],"wp:attachment":[{"href":"https:\/\/carlamarques.gallery\/index.php?rest_route=%2Fwp%2Fv2%2Fmedia&parent=476"}],"curies":[{"name":"wp","href":"https:\/\/api.w.org\/{rel}","templated":true}]}}